{"id":1714,"date":"2025-11-19T20:57:57","date_gmt":"2025-11-19T18:57:57","guid":{"rendered":"https:\/\/personaldriversmadrid.com\/?page_id=1714"},"modified":"2026-02-12T17:50:47","modified_gmt":"2026-02-12T16:50:47","slug":"vtc-visita-guiada-toledo-chofer-privado","status":"publish","type":"page","link":"https:\/\/personaldriversmadrid.com\/en\/city-tours\/vtc-visita-guiada-toledo-chofer-privado\/","title":{"rendered":"Visita guiada por Toledo"},"content":{"rendered":"<div class=\"et_pb_section_0 et_pb_section et_pb_fullwidth_section et_section_regular et_block_section\">\n<section class=\"et_pb_fullwidth_header_0 et_pb_fullwidth_header et_pb_bg_layout_dark et_pb_text_align_center et_pb_module et_flex_module preset--group--divi-fullwidth-header--divi-button--default\"><div class=\"et_pb_fullwidth_header_container center\"><div class=\"header-content-container center\"><div class=\"header-content et_flex_module\"><h1 class=\"et_pb_module_header\">Visita guiada por Toledo<\/h1><div class=\"et_pb_header_button_wrapper\"><\/div><\/div><\/div><\/div><div class=\"et_pb_fullwidth_header_overlay\"><\/div><div class=\"et_pb_fullwidth_header_scroll\"><\/div><\/section>\n<\/div>\n\n<div class=\"et_pb_section_1 et_pb_section et_section_regular et_block_section\">\n<div class=\"et_pb_row_0 et_pb_row et_flex_row\">\n<div class=\"et_pb_column_0 et_pb_column et_flex_column et_pb_css_mix_blend_mode_passthrough et_flex_column_12_24 et_flex_column_12_24_tablet et_flex_column_24_24_phone\">\n<div class=\"et_pb_image_0 et_pb_image et_pb_module et_block_module\"><span class=\"et_pb_image_wrap\"><img loading=\"lazy\" decoding=\"async\" src=\"https:\/\/personaldriversmadrid.com\/wp-content\/uploads\/2026\/01\/02-Visita-guiada-por-Toledo.jpg\" alt=\"El mejor City Tour de Madrid con ch\u00f3fer privado y visita guiada - Personal Drivers Madrid\" title=\"El mejor City Tour de Madrid con ch\u00f3fer privado y visita guiada - Personal Drivers Madrid\" width=\"1280\" height=\"853\" srcset=\"https:\/\/personaldriversmadrid.com\/wp-content\/uploads\/2026\/01\/02-Visita-guiada-por-Toledo.jpg 1280w, https:\/\/personaldriversmadrid.com\/wp-content\/uploads\/2026\/01\/02-Visita-guiada-por-Toledo-980x653.jpg 980w, https:\/\/personaldriversmadrid.com\/wp-content\/uploads\/2026\/01\/02-Visita-guiada-por-Toledo-480x320.jpg 480w\" sizes=\"(min-width: 0px) and (max-width: 480px) 480px, (min-width: 481px) and (max-width: 980px) 980px, (min-width: 981px) 1280px, 100vw\" class=\"wp-image-2219\" \/><\/span><\/div>\n<\/div>\n\n<div class=\"et_pb_column_1 et_pb_column et-last-child et_flex_column et_pb_css_mix_blend_mode_passthrough et_flex_column_12_24 et_flex_column_12_24_tablet et_flex_column_24_24_phone\">\n<div class=\"et_pb_text_0 et_pb_text et_pb_bg_layout_dark et_pb_module et_block_module\"><div class=\"et_pb_text_inner\"><h2>Visita guiada por Toledo<\/h2>\n<p>Un tour que incluye:<\/p>\n<ul>\n<li>Visita guiada<\/li>\n<li>Visita a bar local<\/li>\n<li>Gu\u00eda privado<\/li>\n<li>Asesoramiento previo<\/li>\n<\/ul>\n<\/div><\/div>\n\n<div class=\"et_pb_module et_pb_button_module_wrapper et_pb_button_0_wrapper preset--group--divi-button--divi-button--default_wrapper\"><a class=\"et_pb_button_0 et_pb_button et_pb_bg_layout_light et_pb_module et_flex_module preset--group--divi-button--divi-button--default\" href=\"\/contacto\">Reservar<\/a><\/div>\n<\/div>\n<\/div>\n<\/div>\n\n<div class=\"et_pb_section_2 et_pb_section et_section_regular et_block_section\">\n<div class=\"et_pb_row_1 et_pb_row et_block_row\">\n<div class=\"et_pb_column_2 et_pb_column et_pb_column_4_4 et-last-child et_block_column et_pb_css_mix_blend_mode_passthrough\">\n<div class=\"et_pb_image_1 et_pb_image et_pb_module et_block_module\"><span class=\"et_pb_image_wrap\"><img loading=\"lazy\" decoding=\"async\" src=\"https:\/\/personaldriversmadrid.com\/wp-content\/uploads\/2026\/01\/02-Visita-guiada-por-Toledo.jpg\" alt=\"El mejor City Tour de Toledo con ch\u00f3fer privado y visita guiada - Personal Drivers Madrid\" title=\"02 - Visita guiada por Toledo\" width=\"1280\" height=\"853\" srcset=\"https:\/\/personaldriversmadrid.com\/wp-content\/uploads\/2026\/01\/02-Visita-guiada-por-Toledo.jpg 1280w, https:\/\/personaldriversmadrid.com\/wp-content\/uploads\/2026\/01\/02-Visita-guiada-por-Toledo-980x653.jpg 980w, https:\/\/personaldriversmadrid.com\/wp-content\/uploads\/2026\/01\/02-Visita-guiada-por-Toledo-480x320.jpg 480w\" sizes=\"(min-width: 0px) and (max-width: 480px) 480px, (min-width: 481px) and (max-width: 980px) 980px, (min-width: 981px) 1280px, 100vw\" class=\"wp-image-2219\" \/><\/span><\/div>\n\n<div class=\"et_pb_text_1 et_pb_text et_pb_bg_layout_dark et_pb_module et_block_module\"><div class=\"et_pb_text_inner\"><h2>Visita guiada por Toledo<\/h2>\n<p>Un tour que incluye:<\/p>\n<ul>\n<li>Visita guiada<\/li>\n<li>Visita a bar local<\/li>\n<li>Gu\u00eda privado<\/li>\n<li>Asesoramiento previo<\/li>\n<\/ul>\n<\/div><\/div>\n\n<div class=\"et_pb_module et_pb_button_module_wrapper et_pb_button_1_wrapper preset--group--divi-button--divi-button--default_wrapper\"><a class=\"et_pb_button_1 et_pb_button et_pb_bg_layout_light et_pb_module et_flex_module preset--group--divi-button--divi-button--default\" href=\"\/contacto\">Reservar<\/a><\/div>\n<\/div>\n<\/div>\n<\/div>\n\n<div class=\"et_pb_section_3 et_pb_section et_section_regular et_block_section\">\n<div class=\"et_pb_row_2 et_pb_row et_block_row\">\n<div class=\"et_pb_column_3 et_pb_column et_pb_column_4_4 et-last-child et_block_column et_pb_css_mix_blend_mode_passthrough\">\n<div class=\"et_pb_text_2 et_pb_text et_pb_bg_layout_dark et_pb_module et_block_module\"><div class=\"et_pb_text_inner\"><h3>Descubre Toledo, la Ciudad de las Tres Culturas<\/h3>\n<p>Recorre Toledo de la mano de los expertos ch\u00f3feres de Personal Drivers Madrid y descubre una ciudad \u00fanica declarada Patrimonio de la Humanidad por la UNESCO. Sus calles empedradas, su impresionante legado hist\u00f3rico y su atm\u00f3sfera m\u00e1gica la convierten en una visita obligada para quienes buscan una experiencia cultural exclusiva.<\/p>\n<p>Nuestros tours privados te permitir\u00e1n conocer tanto los grandes monumentos como esos rincones llenos de misterio y encanto que solo los habitantes locales conocen. Adaptamos el recorrido a tus preferencias: individual, en pareja o familiar. Con Personal Drivers Madrid, descubrir\u00e1s una de las ciudades m\u00e1s fascinantes de Espa\u00f1a con la m\u00e1xima comodidad y el mejor asesoramiento.<\/p>\n<h3>\u00bfQu\u00e9 ver en Toledo? Los lugares que no debes perderte<\/h3>\n<h4>La Catedral primada<\/h4>\n<p>Considerada una de las joyas del g\u00f3tico europeo, la Catedral de Toledo comenz\u00f3 a construirse en el siglo XIII sobre una antigua mezquita. Su fachada, el Transparente y su impresionante colecci\u00f3n de arte \u2014con obras de El Greco, Goya o Caravaggio\u2014 la convierten en una visita indispensable.<\/p>\n<h4>El Alc\u00e1zar de Toledo<\/h4>\n<p>Dominando el horizonte, el Alc\u00e1zar fue fortaleza romana, residencia real y basti\u00f3n militar. Hoy alberga el Museo del Ej\u00e9rcito y una biblioteca p\u00fablica. Desde lo alto, sus vistas de la ciudad y del r\u00edo Tajo son inigualables.<\/p>\n<h4>El Monasterio de San Juan de los Reyes<\/h4>\n<p>Mandado construir por los Reyes Cat\u00f3licos, es un magn\u00edfico ejemplo del g\u00f3tico isabelino. Su claustro, sus b\u00f3vedas decoradas y su historia lo convierten en un imprescindible del arte toledano.<\/p>\n<h4>El Barrio jud\u00edo<\/h4>\n<p>Un laberinto de calles estrechas donde convivieron durante siglos jud\u00edos, cristianos y musulmanes. Aqu\u00ed podr\u00e1s visitar la Sinagoga del Tr\u00e1nsito y la Sinagoga de Santa Mar\u00eda la Blanca, testigos de la rica herencia cultural de la ciudad.<\/p>\n<h4>El Puente de San Mart\u00edn<\/h4>\n<p>Este puente medieval del siglo XIV cruza el r\u00edo Tajo ofreciendo una de las panor\u00e1micas m\u00e1s bellas de Toledo. Con sus cinco arcos y sus torres defensivas, es un icono del Toledo m\u00e1s rom\u00e1ntico.<\/p>\n<h4>La Iglesia de Santo Tom\u00e9<\/h4>\n<p>En su interior se conserva una de las obras pict\u00f3ricas maestras universales: El entierro del Conde de Orgaz, de El Greco. Un templo sencillo que guarda uno de los mayores tesoros art\u00edsticos de la pintura espa\u00f1ola.<\/p>\n<h4>El Mirador del valle<\/h4>\n<p>Para finalizar la visita, nada mejor que admirar Toledo desde este mirador natural. Desde aqu\u00ed se obtiene la postal m\u00e1s famosa de la ciudad, con el Alc\u00e1zar y la Catedral recort\u00e1ndose sobre el meandro del Tajo. Un broche perfecto para una jornada inolvidable.<\/p>\n<\/div><\/div>\n<\/div>\n<\/div>\n\n<div class=\"et_pb_row_3 et_pb_row et_flex_row\">\n<div class=\"et_pb_column_4 et_pb_column et-last-child et_flex_column et_pb_css_mix_blend_mode_passthrough et_flex_column_24_24 et_flex_column_24_24_tablet et_flex_column_24_24_phone\">\n<div class=\"et_pb_module et_pb_button_module_wrapper et_pb_button_2_wrapper preset--group--divi-button--divi-button--default_wrapper\"><a class=\"et_pb_button_2 et_pb_button et_pb_bg_layout_light et_pb_module et_flex_module preset--group--divi-button--divi-button--default\" href=\"\/contacto\">Reservar<\/a><\/div>\n<\/div>\n<\/div>\n<\/div>\n\n<div class=\"et_pb_section_4 et_pb_section et_section_regular et_flex_section\"><div class=\"et_pb_row_4 et_pb_row et_flex_row\"><div class=\"et_pb_column_5 et_pb_column et_flex_column et_pb_column_empty et_pb_css_mix_blend_mode_passthrough et_flex_column_6_24 et_flex_column_12_24_tablet et_flex_column_24_24_phone\"><\/div><div class=\"et_pb_column_6 et_pb_column et_flex_column et_pb_css_mix_blend_mode_passthrough et_flex_column_6_24 et_flex_column_12_24_tablet et_flex_column_24_24_phone\"><div class=\"et_pb_text_3 et_pb_text et_pb_bg_layout_dark et_pb_module et_flex_module\"><div class=\"et_pb_text_inner\"><h3>Contacto<\/h3>\n<\/div><\/div><\/div><div class=\"et_pb_column_7 et_pb_column et_flex_column et_pb_css_mix_blend_mode_passthrough et_flex_column_6_24 et_flex_column_12_24_tablet et_flex_column_24_24_phone\"><div class=\"et_pb_text_4 et_pb_text et_pb_bg_layout_dark et_pb_module et_flex_module\"><div class=\"et_pb_text_inner\"><h3>Servicios<\/h3>\n<\/div><\/div><\/div><div class=\"et_pb_column_8 et_pb_column et-last-child et_flex_column et_pb_css_mix_blend_mode_passthrough et_flex_column_6_24 et_flex_column_12_24_tablet et_flex_column_24_24_phone\"><div class=\"et_pb_text_5 et_pb_text et_pb_bg_layout_dark et_pb_module et_flex_module\"><div class=\"et_pb_text_inner\"><h3>Servicios<\/h3>\n<\/div><\/div><\/div><\/div><div class=\"et_pb_row_5 et_pb_row et_flex_row\"><div class=\"et_pb_column_9 et_pb_column et-last-child et_flex_column et_pb_css_mix_blend_mode_passthrough et_flex_column_24_24 et_flex_column_24_24_tablet et_flex_column_24_24_phone\"><div class=\"et_pb_divider_0 et_pb_divider et_pb_space et_pb_divider_position_top et_pb_module\"><div class=\"et_pb_divider_internal\"><\/div><\/div><\/div><\/div><div class=\"et_pb_row_6 et_pb_row et_flex_row\"><div class=\"et_pb_column_10 et_pb_column et_flex_column et_pb_css_mix_blend_mode_passthrough et_flex_column_6_24 et_flex_column_12_24_tablet et_flex_column_24_24_phone\"><div class=\"et_pb_image_2 et_pb_image et_animated et_pb_module et_flex_module\"><span class=\"et_pb_image_wrap\"><img loading=\"lazy\" decoding=\"async\" src=\"https:\/\/personaldriversmadrid.com\/wp-content\/uploads\/2022\/12\/new-logo-pdm-with-legend-transparent.png\" alt=\"Personal Drivers Madrid - Chauffeur Services\" title=\"Personal Drivers Madrid - Chauffeur Services\" width=\"246\" height=\"125\" sizes=\"(max-width: 246px) 100vw, 246px\" class=\"wp-image-1178\" \/><\/span><\/div><\/div><div class=\"et_pb_column_11 et_pb_column et_flex_column et_pb_css_mix_blend_mode_passthrough et_flex_column_6_24 et_flex_column_12_24_tablet et_flex_column_24_24_phone\"><div class=\"et_pb_text_6 et_pb_text et_pb_bg_layout_light et_animated et_pb_module et_flex_module\"><div class=\"et_pb_text_inner\"><p><strong>Ll\u00e1menos<\/strong><br \/>\n<a href=\"tel:+346254278\"><span style=\"font-family: 'Lato'; font-weight: 800; color: #2ea3f2;\">(+34) 625 42 78 52<\/span><\/a><\/p>\n<p><strong>Contacte por email<\/strong><br \/>\n<a href=\"mailto:info@personaldriversmadrid.com\"><span style=\"font-family: 'Lato'; font-weight: 800; color: #2ea3f2;\">info@personaldriversmadrid.com<\/span><\/a><\/p>\n<p><strong>\u00c1rea de servicio<\/strong><br \/>\nMadrid, Espa\u00f1a y Europa<\/p>\n<p><strong>Horario<\/strong><br \/>\nDisponibles las 24 horas del d\u00eda y los 365 d\u00edas del a\u00f1o<\/p>\n<\/div><\/div><\/div><div class=\"et_pb_column_12 et_pb_column et_flex_column et_pb_css_mix_blend_mode_passthrough et_flex_column_6_24 et_flex_column_12_24_tablet et_flex_column_24_24_phone\"><div class=\"et_pb_text_7 et_pb_text et_pb_bg_layout_light et_animated et_pb_module et_flex_module\"><div class=\"et_pb_text_inner\"><ul>\n<li><a href=\"\/servicios\/vtc-transfer-aeropuerto-madrid\/\"><span style=\"color:#FFFF\">Traslados al Aeropuerto<\/span><\/a><\/li>\n<li><a href=\"\/servicios\/vtc-viajes-larga-distancia-desde-madrid\/\"><span style=\"color:#FFFF\">Viajes de larga distancia<\/span><\/a><\/li>\n<li><a href=\"\/servicios\/vtc-chofer-por-horas-madrid\/\t\"><span style=\"color:#FFFF\">Conductor privado por horas<\/span><\/a><\/li>\n<li><a href=\"\/servicios\/vtc-chofer-empresas-ejecutivos\/\"><span style=\"color:#FFFF\">Servicio para empresas y ejecutivos<\/span><\/a><\/li>\n<li><a href=\"\/servicios\/vtc-viajes-privados-espana\/\"><span style=\"color:#FFFF\">Ch\u00f3fer privado para viajes por Espa\u00f1a<\/span><\/a><\/li>\n<\/ul>\n<\/div><\/div><\/div><div class=\"et_pb_column_13 et_pb_column et-last-child et_flex_column et_pb_css_mix_blend_mode_passthrough et_flex_column_6_24 et_flex_column_12_24_tablet et_flex_column_24_24_phone\"><div class=\"et_pb_text_8 et_pb_text et_pb_bg_layout_light et_animated et_pb_module et_flex_module\"><div class=\"et_pb_text_inner\"><ul>\n<li><a href=\"\/servicios\/vtc-chofer-privado-total-disponibilidad\/\"><span style=\"color:#FFFF\">Ch\u00f3fer privado por d\u00edas completos<\/span><\/a><\/li>\n<li><a href=\"\/servicios\/vtc-chofer-privado-eventos\/\"><span style=\"color:#FFFF\">Conductor particular para eventos<\/span><\/a><\/li>\n<li><a href=\"\/servicios\/vtc-city-tours-excursiones\/\"><span style=\"color:#FFFF\">Servicio de ch\u00f3fer City Tour<\/span><\/a><\/li>\n<li><a href=\"\/servicios\/vtc-chofer-para-bodas-eventos\/\"><span style=\"color:#FFFF\">Alquiler de coche con conductor para bodas<\/span><\/a><\/li>\n<\/ul>\n<\/div><\/div><\/div><\/div><\/div>","protected":false},"excerpt":{"rendered":"","protected":false},"author":1,"featured_media":2219,"parent":1704,"menu_order":20,"comment_status":"closed","ping_status":"closed","template":"","meta":{"footnotes":""},"class_list":["post-1714","page","type-page","status-publish","has-post-thumbnail","hentry"],"_links":{"self":[{"href":"https:\/\/personaldriversmadrid.com\/en\/wp-json\/wp\/v2\/pages\/1714","targetHints":{"allow":["GET"]}}],"collection":[{"href":"https:\/\/personaldriversmadrid.com\/en\/wp-json\/wp\/v2\/pages"}],"about":[{"href":"https:\/\/personaldriversmadrid.com\/en\/wp-json\/wp\/v2\/types\/page"}],"author":[{"embeddable":true,"href":"https:\/\/personaldriversmadrid.com\/en\/wp-json\/wp\/v2\/users\/1"}],"replies":[{"embeddable":true,"href":"https:\/\/personaldriversmadrid.com\/en\/wp-json\/wp\/v2\/comments?post=1714"}],"version-history":[{"count":27,"href":"https:\/\/personaldriversmadrid.com\/en\/wp-json\/wp\/v2\/pages\/1714\/revisions"}],"predecessor-version":[{"id":2742,"href":"https:\/\/personaldriversmadrid.com\/en\/wp-json\/wp\/v2\/pages\/1714\/revisions\/2742"}],"up":[{"embeddable":true,"href":"https:\/\/personaldriversmadrid.com\/en\/wp-json\/wp\/v2\/pages\/1704"}],"wp:featuredmedia":[{"embeddable":true,"href":"https:\/\/personaldriversmadrid.com\/en\/wp-json\/wp\/v2\/media\/2219"}],"wp:attachment":[{"href":"https:\/\/personaldriversmadrid.com\/en\/wp-json\/wp\/v2\/media?parent=1714"}],"curies":[{"name":"wp","href":"https:\/\/api.w.org\/{rel}","templated":true}]}}